{"id":1154,"date":"2024-10-01T15:14:41","date_gmt":"2024-10-01T15:14:41","guid":{"rendered":"https:\/\/fundacion.citia.cl\/?page_id=1154"},"modified":"2025-09-25T19:19:27","modified_gmt":"2025-09-25T19:19:27","slug":"taller-octubre-arica-iquique-calama","status":"publish","type":"page","link":"https:\/\/fundacioncitia.cl\/index.php\/taller-octubre-arica-iquique-calama\/","title":{"rendered":"Octubre 2025 Taller  (IA) Arica \/ Iquique"},"content":{"rendered":"\n<p style=\"font-size:25px\"><strong><span class=\"has-inline-color has-luminous-vivid-orange-color\">AFRONTANDO RETOS EDUCATIVOS: LA INTELIGENCIA ARTIFICIAL <\/span><\/strong><span class=\"has-inline-color has-luminous-vivid-orange-color\">(IA)<\/span><strong><span class=\"has-inline-color has-luminous-vivid-orange-color\"> AL SERVICIO DE LA UTP<\/span><\/strong><\/p>\n\n\n\n<p style=\"font-size:32px\"><strong><span class=\"has-inline-color has-vivid-cyan-blue-color\">Arica<\/span><\/strong><span class=\"has-inline-color has-vivid-cyan-blue-color\">: <\/span><span class=\"has-inline-color has-luminous-vivid-orange-color\">28 Octubre<\/span><strong><span class=\"has-inline-color has-vivid-cyan-blue-color\">, Iquique<\/span><\/strong><span class=\"has-inline-color has-vivid-cyan-blue-color\">: <\/span><span class=\"has-inline-color has-luminous-vivid-orange-color\">30 Octubre<\/span><strong><span class=\"has-inline-color has-vivid-cyan-blue-color\"> <\/span><\/strong><\/p>\n\n\n\n<p><\/p>\n\n\n\n<p>El Taller capacita a <strong>Jefes de UTP, Equipos T\u00e9cnicos, Direcciones de Ciclo o<\/strong>s, en el uso de inteligencia artificial (IA) para <strong>optimizar procesos administrativos, planificar curr\u00edculos, elaborar instrumentos de monitoreo y analizar el rendimiento estudiantil<\/strong>, mejorando as\u00ed la gesti\u00f3n docente, formativa y el aprendizaje en el aula. <\/p>\n\n\n\n<p>Las actividades del Taller brindan un espacio para analizar c\u00f3mo la IA puede optimizar procesos administrativos, <strong>facilitar la planificaci\u00f3n curricular y mejorar el seguimiento del rendimiento estudiantil<\/strong>. <em><a href=\"https:\/\/fundacioncitia.cl\/pdf\/afiche Taller UTP_IA Arica Iqq Oct 2025.pdf\"><span class=\"has-inline-color has-vivid-cyan-blue-color\">Descargar afiche Taller<\/span><\/a><\/em>.<\/p>\n\n\n\n<p>En el Taller \u201cAfrontando Retos Educativos: La IA al servicio de la UTP\u201d <strong>se trabaja en la integraci\u00f3n de la Inteligencia Artificial (IA) en la gesti\u00f3n educativa<\/strong>. A trav\u00e9s de din\u00e1micas y trabajos, los equipos de UTP aprender\u00e1n a implementar herramientas de IA que les permitan enfrentar los retos actuales en educaci\u00f3n.<\/p>\n\n\n\n<p>El Taller <strong>fortalece el liderazgo pedag\u00f3gico de las \u00e1reas de UTP y Direcci\u00f3n de Ciclo<\/strong>, promoviendo la toma de decisiones informadas. De esta manera, se beneficia a estudiantes, docentes y administradores en su labor dentro del proceso formativo. <\/p>\n\n\n\n<p><strong>Contexto y temas<\/strong> :<\/p>\n\n\n\n<p>La IA est\u00e1 incidiendo como otra herramienta para mejorar la calidad y eficiencia de procesos de ense\u00f1anza y aprendizaje. <span class=\"has-inline-color has-vivid-cyan-blue-color\">Jefes t\u00e9cnicos, equipos UTP y directores de ciclos enfrentan el desaf\u00edo de adaptar sus estrategias de liderazgo y pedag\u00f3gicas a un entorno en constante evoluci\u00f3n, donde la personalizaci\u00f3n del aprendizaje y la toma de decisiones basadas en datos siempre son fundamentales<\/span> para el \u00e9xito del estudiante y, por ende, del docente.<\/p>\n\n\n\n<ul><li><strong>Exploraci\u00f3n y trabajo de herramientas de IA que automatizan tareas vinculadas en la UTP y la Direcci\u00f3n de Ciclo.<\/strong> <\/li><li><span class=\"has-inline-color has-vivid-cyan-blue-color\"><strong>Estrategias para utilizar IA en la creaci\u00f3n de contenidos y actividades alineadas con OAT y OA<\/strong>.<\/span><\/li><li><strong>Elaborar y sistematizar instrumentos que faciliten el seguimiento del trabajo de las asignaturas y la evaluaci\u00f3n del progreso acad\u00e9mico<\/strong>.<\/li><li><strong><span class=\"has-inline-color has-vivid-cyan-blue-color\">M\u00e9todos para utilizar IA en el an\u00e1lisis de datos acad\u00e9micos, identificando patrones de rendimiento y \u00e1reas que requieren intervenci\u00f3n<\/span><\/strong>.<\/li><\/ul>\n\n\n\n<p>Descubre c\u00f3mo la IA est\u00e1 revolucionando el \u00e1mbito educativo y <strong>el impacto en tu rol como directivo<\/strong>. Analizaremos <strong>desaf\u00edos, oportunidades y estrategias para integrar la IA en la gesti\u00f3n y mejora de la calidad educativa<\/strong>. \u00a1No te pierdas la oportunidad de iniciar y liderar este el cambio en tu instituci\u00f3n!<\/p>\n\n\n\n<p><strong>Fechas<\/strong>:<\/p>\n\n\n\n<p>*\u00a0<strong><span class=\"has-inline-color has-luminous-vivid-orange-color\">Arica<\/span><\/strong>:\u00a0<strong>Martes 28 de octubre<\/strong>. Hotel Savona.\u00a0<span class=\"has-inline-color has-luminous-vivid-orange-color\"><strong>17 de Octubre<\/strong>.<\/span> \u00faltima fecha de inscripci\u00f3n.<\/p>\n\n\n\n<p><strong>* <span class=\"has-inline-color has-luminous-vivid-orange-color\">Iquique<\/span><\/strong>:\u00a0<strong>Mi\u00e9rcoles 30 de octubre<\/strong>. Hotel NH.\u00a0<strong><span class=\"has-inline-color has-luminous-vivid-orange-color\">17 de <strong>Octubre<\/strong><\/span><\/strong>. \u00faltima fecha de inscripci\u00f3n.<\/p>\n\n\n\n<p><a href=\"https:\/\/fundacioncitia.cl\/pdf\/inscrpci\u00f3n Taller IA_UTP Arica Iqq Oct_2025.pdf\" target=\"_blank\" rel=\"noreferrer noopener\">Descargar inscripci\u00f3n y datos orden de compra<\/a><\/p>\n","protected":false},"excerpt":{"rendered":"<p>AFRONTANDO RETOS EDUCATIVOS: LA INTELIGENCIA ARTIFICIAL (IA) AL SERVICIO DE LA UTP Arica: 28 Octubre, Iquique: 30 Octubre El Taller capacita a Jefes de UTP, Equipos T\u00e9cnicos, Direcciones de Ciclo os, en el uso de inteligencia artificial (IA) para optimizar procesos administrativos, planificar curr\u00edculos, elaborar instrumentos de monitoreo y analizar el rendimiento estudiantil, mejorando as\u00ed &hellip; <\/p>\n<p class=\"link-more\"><a href=\"https:\/\/fundacioncitia.cl\/index.php\/taller-octubre-arica-iquique-calama\/\" class=\"more-link\">Continuar leyendo<span class=\"screen-reader-text\"> \u00abOctubre 2025 Taller  (IA) Arica \/ Iquique\u00bb<\/span><\/a><\/p>\n","protected":false},"author":1,"featured_media":0,"parent":0,"menu_order":0,"comment_status":"closed","ping_status":"closed","template":"","meta":[],"_links":{"self":[{"href":"https:\/\/fundacioncitia.cl\/index.php\/wp-json\/wp\/v2\/pages\/1154"}],"collection":[{"href":"https:\/\/fundacioncitia.cl\/index.php\/wp-json\/wp\/v2\/pages"}],"about":[{"href":"https:\/\/fundacioncitia.cl\/index.php\/wp-json\/wp\/v2\/types\/page"}],"author":[{"embeddable":true,"href":"https:\/\/fundacioncitia.cl\/index.php\/wp-json\/wp\/v2\/users\/1"}],"replies":[{"embeddable":true,"href":"https:\/\/fundacioncitia.cl\/index.php\/wp-json\/wp\/v2\/comments?post=1154"}],"version-history":[{"count":21,"href":"https:\/\/fundacioncitia.cl\/index.php\/wp-json\/wp\/v2\/pages\/1154\/revisions"}],"predecessor-version":[{"id":1303,"href":"https:\/\/fundacioncitia.cl\/index.php\/wp-json\/wp\/v2\/pages\/1154\/revisions\/1303"}],"wp:attachment":[{"href":"https:\/\/fundacioncitia.cl\/index.php\/wp-json\/wp\/v2\/media?parent=1154"}],"curies":[{"name":"wp","href":"https:\/\/api.w.org\/{rel}","templated":true}]}}